{"id":615,"date":"2023-06-22T12:56:45","date_gmt":"2023-06-22T11:56:45","guid":{"rendered":"https:\/\/geneveinvest.mf-testweb.de\/?page_id=615"},"modified":"2025-11-27T12:23:54","modified_gmt":"2025-11-27T10:23:54","slug":"nachhaltigkeit","status":"publish","type":"page","link":"https:\/\/www.geneveinvest.com\/de\/nachhaltigkeit\/","title":{"rendered":"Nachhaltigkeit"},"content":{"rendered":"<p>[vc_row css=&#8220;.vc_custom_1687434527057{margin-top: 3% !important;margin-bottom: 5% !important;}&#8220;][vc_column][vc_row_inner][vc_column_inner]<style>.ld_fancy_heading_6a07503294959 .lqd-highlight-inner{height:0.275em!important;bottom:0px!important;}<\/style><div class=\"ld-fancy-heading text-center ld_fancy_heading_6a07503294959\">\n\t<h3 class=\"ld-fh-element lqd-highlight-underline lqd-highlight-grow-left text-decoration-default\"   >  Nachhaltigkeit bei Gen\u00e8ve Invest<\/h3><\/div><style>.ld_fancy_heading_6a07503295796 .lqd-highlight-inner{height:0.275em!important;bottom:0px!important;}<\/style><div class=\"ld-fancy-heading text-center ld_fancy_heading_6a07503295796\">\n\t<p class=\"ld-fh-element lqd-highlight-underline lqd-highlight-grow-left text-decoration-default\"   >  Das Investieren in nachhaltige Geldanlagen wird h\u00e4ufig mit ESG-Kriterien in Verbindung gebracht. Im Englischen stehen diese drei Buchstaben f\u00fcr \u201eEnvironmental, Social and Governance\u201c, was mit den Begriffen Umwelt- und Klimaschutz, Soziales und Menschenrechte sowie Unternehmensf\u00fchrung \u00fcbersetzt werden kann.<\/p>\n<p class=\"p1\">Beim Umwelt- und Klimaschutz ist der effiziente und sparsame Umgang mit Ressourcen, Emissionen und Innovationen ein wesentlicher Faktor zum Schutz der nat\u00fcrlichen Ressourcen unseres Planeten. Im Bereich Soziales und Menschenrechte sind der Umgang mit Mitarbeitern, die Achtung von Menschenrechten, ethnischen Gruppen, Diversit\u00e4t, Verbraucherschutz, Tierschutz und die Verantwortung f\u00fcr die eigenen Produkte wesentliche Aspekte, die bei allen gesellschaftlichen Auswirkungen der Firment\u00e4tigkeit ber\u00fccksichtigt werden sollten. Die Menschenw\u00fcrde sollte immer respektiert werden, und es sollten gute Bedingungen f\u00fcr alle herrschen. Relevant f\u00fcr die Unternehmensf\u00fchrung sind das Verhalten und die Verg\u00fctung der Unternehmungsleitung, die F\u00fchrungsstrukturen und das Verhalten gegen\u00fcber den Eigent\u00fcmern. Die ethischen Grunds\u00e4tze sollten sowohl gegen\u00fcber der \u00d6ffentlichkeit als auch innerhalb des Unternehmens vor allem durch Transparenz und Fairness gepr\u00e4gt sein.<\/p>\n<p><\/p><\/div>[\/vc_column_inner][\/vc_row_inner][\/vc_column][\/vc_row][vc_row full_width=&#8220;stretch_row&#8220; css=&#8220;.vc_custom_1684912977064{margin-top: 5% !important;margin-bottom: 5% !important;}&#8220;][vc_column]<style>.ld_images_group_element_6a075032960a2{border-radius:5px;}<\/style><div id=\"ld_images_group_element_6a075032960a2\" class=\"lqd-imggrp-single ld_images_group_element_6a075032960a2\" data-roundness=\"custom\"  >\n\t\n\t<div class=\"lqd-imggrp-img-container\"    >\n\t\t\n\t\t\t\t\n\t\t\t\t<figure ><img loading=\"lazy\" decoding=\"async\" width=\"1920\" height=\"753\" src=\"https:\/\/www.geneveinvest.com\/wp-content\/uploads\/2023\/06\/planting-tree-pile-coins-including-woman-s-hand-holding-coin-tree-coin-concept-saving-money-future-investment-1.jpg\" class=\"attachment-full size-full\" alt=\"\" srcset=\"https:\/\/www.geneveinvest.com\/wp-content\/uploads\/2023\/06\/planting-tree-pile-coins-including-woman-s-hand-holding-coin-tree-coin-concept-saving-money-future-investment-1.jpg 1920w, https:\/\/www.geneveinvest.com\/wp-content\/uploads\/2023\/06\/planting-tree-pile-coins-including-woman-s-hand-holding-coin-tree-coin-concept-saving-money-future-investment-1-300x118.jpg 300w, https:\/\/www.geneveinvest.com\/wp-content\/uploads\/2023\/06\/planting-tree-pile-coins-including-woman-s-hand-holding-coin-tree-coin-concept-saving-money-future-investment-1-1024x401.jpg 1024w\" sizes=\"auto, (max-width: 1920px) 100vw, 1920px\" \/><\/figure>\t\t\t\t\t\t\t\t\n\t<\/div><!-- \/.lqd-imggrp-content -->\n<\/div><!-- \/.lqd-imggrp-single -->[\/vc_column][\/vc_row][vc_row css=&#8220;.vc_custom_1687434527057{margin-top: 3% !important;margin-bottom: 5% !important;}&#8220;][vc_column][vc_row_inner][vc_column_inner]<style>.ld_fancy_heading_6a07503296ece .lqd-highlight-inner{height:0.275em!important;bottom:0px!important;}<\/style><div class=\"ld-fancy-heading text-center ld_fancy_heading_6a07503296ece\">\n\t<h2 class=\"ld-fh-element lqd-highlight-underline lqd-highlight-grow-left text-decoration-default\"   >  Die Firma Gen\u00e8ve Invest<\/h2><\/div><style>.ld_fancy_heading_6a0750329778f .lqd-highlight-inner{height:0.275em!important;bottom:0px!important;}<\/style><div class=\"ld-fancy-heading text-center ld_fancy_heading_6a0750329778f\">\n\t<p class=\"ld-fh-element lqd-highlight-underline lqd-highlight-grow-left text-decoration-default\"   >  Transparenz und Verantwortung sind tief in unser Unternehmenskultur verankert. Das Einhalten internationaler und nationaler Gesetze sowie unser ethischen Grunds\u00e4tze bestimmen unser Handeln. Dabei legen wir gro\u00dfen Wert auf eine nachhaltige und langfristige Wertsch\u00f6pfung, um die Zufriedenheit unser Kunden zu gew\u00e4hrleisten.<\/p><\/div>[\/vc_column_inner][\/vc_row_inner][\/vc_column][\/vc_row][vc_row css=&#8220;.vc_custom_1687434527057{margin-top: 3% !important;margin-bottom: 5% !important;}&#8220;][vc_column][vc_row_inner][vc_column_inner]<style>.ld_fancy_heading_6a07503298013 .lqd-highlight-inner{height:0.275em!important;bottom:0px!important;}<\/style><div class=\"ld-fancy-heading text-center ld_fancy_heading_6a07503298013\">\n\t<h2 class=\"ld-fh-element lqd-highlight-underline lqd-highlight-grow-left text-decoration-default\"   >  Der Investmentprozess<\/h2><\/div><style>.ld_fancy_heading_6a07503298511 .lqd-highlight-inner{height:0.275em!important;bottom:0px!important;}<\/style><div class=\"ld-fancy-heading text-center ld_fancy_heading_6a07503298511\">\n\t<p class=\"ld-fh-element lqd-highlight-underline lqd-highlight-grow-left text-decoration-default\"   >  Gen\u00e8ve Invest ist davon \u00fcberzeugt, dass Nachhaltigkeit ein zentrales Thema unserer Zeit ist und k\u00fcnftig das Geschehen auf globaler Ebene beeinflussen wird. Aus diesem Grund unterst\u00fctzen wir den globalen Wandel hin zu einer nachhaltigen, klimaneutralen und sozialen Wirtschaft. \u00d6kologische, soziale und unternehmerische Aspekte werden bei fundamentalen Analysen ber\u00fccksichtigt. Unser Fokus liegt auf Anlagen, die langfristig einen Mehrwert bieten und nicht auf spekulativen Engagements, die kurzfristigen Gewinn bei hohem Risiko versprechen.<\/p>\n<p>Die individuelle Verm\u00f6gensverwaltung auf Basis von Einzeltiteln erm\u00f6glicht es uns, die spezifischen Pr\u00e4ferenzen unserer Kunden zu ber\u00fccksichtigen. Wir vermeiden Investitionen in Unternehmen, die mit Waffen, Menschen- und Arbeitsrechtsverletzungen, Korruption und Bestechung, Kernenergie, Tabak und Alkohol in Verbindung gebracht werden. Kunden k\u00f6nnen detaillierte Anforderungen an das Team unserer Verm\u00f6gensverwalter stellen.<\/p>\n<p>Nachhaltige Anlagekriterien werden bei der Evaluierung von Investitionsentscheidungen ber\u00fccksichtigt. Unsere Analyse- und Dokumentationsprozesse sind noch nicht so umfassend aufgestellt, dass wir Anlagen bewerben, die ESG- und Nachhaltigkeitskriterien ber\u00fccksichtigen. Nach unser Meinung fehlt bisher eine unabh\u00e4ngige und objektive Datenbasis, die eine verl\u00e4ssliche Zuordnung der Unternehmen erm\u00f6glicht und green washing verhindert. Unser erkl\u00e4rtes Ziel ist es, in Zukunft auch Anlagen und Produkte anbieten zu k\u00f6nnen, die gem\u00e4\u00df der Offenlegungsverordnung (Verordnung (EU) 2019\/2088) Artikel 8 entsprechen.<\/p><\/div>[\/vc_column_inner][\/vc_row_inner][\/vc_column][\/vc_row]<\/p>\n","protected":false},"excerpt":{"rendered":"<p>[vc_row css=&#8220;.vc_custom_1687434527057{margin-top: 3% !important;margin-bottom: 5% !important;}&#8220;][vc_column][vc_row_inner][vc_column_inner][\/vc_column_inner][\/vc_row_inner][\/vc_column][\/vc_row][vc_row full_width=&#8220;stretch_row&#8220; css=&#8220;.vc_custom_1684912977064{margin-top: 5% !important;margin-bottom: 5% !important;}&#8220;][vc_column][\/vc_column][\/vc_row][vc_row css=&#8220;.vc_custom_1687434527057{margin-top: 3% !important;margin-bottom: 5% !important;}&#8220;][vc_column][vc_row_inner][vc_column_inner][\/vc_column_inner][\/vc_row_inner][\/vc_column][\/vc_row][vc_row css=&#8220;.vc_custom_1687434527057{margin-top: 3% !important;margin-bottom: 5% !important;}&#8220;][vc_column][vc_row_inner][vc_column_inner][\/vc_column_inner][\/vc_row_inner][\/vc_column][\/vc_row]<\/p>\n","protected":false},"author":1,"featured_media":0,"parent":0,"menu_order":0,"comment_status":"closed","ping_status":"closed","template":"","meta":{"_seopress_robots_primary_cat":"","_seopress_titles_title":"Nachhaltigkeit Bei Gen\u00e8ve Invest: Geldanlagen wird mit ESG-Kriterien","_seopress_titles_desc":"Nachhaltigkeit Bei Gen\u00e8ve Invest: Das Investieren in nachhaltige Geldanlagen wird h\u00e4ufig mit ESG-Kriterien in Verbindung gebracht.","_seopress_robots_index":"","footnotes":""},"class_list":["post-615","page","type-page","status-publish"],"_links":{"self":[{"href":"https:\/\/www.geneveinvest.com\/de\/wp-json\/wp\/v2\/pages\/615","targetHints":{"allow":["GET"]}}],"collection":[{"href":"https:\/\/www.geneveinvest.com\/de\/wp-json\/wp\/v2\/pages"}],"about":[{"href":"https:\/\/www.geneveinvest.com\/de\/wp-json\/wp\/v2\/types\/page"}],"author":[{"embeddable":true,"href":"https:\/\/www.geneveinvest.com\/de\/wp-json\/wp\/v2\/users\/1"}],"replies":[{"embeddable":true,"href":"https:\/\/www.geneveinvest.com\/de\/wp-json\/wp\/v2\/comments?post=615"}],"version-history":[{"count":0,"href":"https:\/\/www.geneveinvest.com\/de\/wp-json\/wp\/v2\/pages\/615\/revisions"}],"wp:attachment":[{"href":"https:\/\/www.geneveinvest.com\/de\/wp-json\/wp\/v2\/media?parent=615"}],"curies":[{"name":"wp","href":"https:\/\/api.w.org\/{rel}","templated":true}]}}