{"id":599,"date":"2023-06-22T12:42:49","date_gmt":"2023-06-22T11:42:49","guid":{"rendered":"https:\/\/geneveinvest.mf-testweb.de\/?page_id=599"},"modified":"2025-11-27T12:24:54","modified_gmt":"2025-11-27T10:24:54","slug":"beschwerden","status":"publish","type":"page","link":"https:\/\/www.geneveinvest.com\/de\/beschwerden\/","title":{"rendered":"Beschwerden"},"content":{"rendered":"<p>[vc_row css=&#8220;.vc_custom_1687434137233{margin-top: 5% !important;}&#8220;][vc_column][vc_row_inner content_placement=&#8220;middle&#8220;][vc_column_inner width=&#8220;1\/2&#8243;]<style>.ld_fancy_heading_6a084d960a1bf .lqd-highlight-inner{height:0.275em!important;bottom:0px!important;}<\/style><div class=\"ld-fancy-heading text-left ld_fancy_heading_6a084d960a1bf\">\n\t<h3 class=\"ld-fh-element lqd-highlight-underline lqd-highlight-grow-left text-decoration-default\"   >  Wie kann eine Beschwerde bei Gen\u00e8ve Invest eingereicht werden?<\/h3><\/div><style>.ld_fancy_heading_6a084d960ae7e p {font-size:16px; } .ld_fancy_heading_6a084d960ae7e .lqd-highlight-inner{height:0.275em!important;bottom:0px!important;}.ld_fancy_heading_6a084d960ae7e p {font-size:16px; } <\/style><div class=\"ld-fancy-heading text-left ld_fancy_heading_6a084d960ae7e\">\n\t<p class=\"ld-fh-element lqd-highlight-underline lqd-highlight-grow-left text-decoration-default\"   >  Beschwerden k\u00f6nnen kostenfrei per Post, E-Mail oder Telefon an den Compliance-Bereich von Gen\u00e8ve Invest (Europe) eingereicht werden. Eine Beschwerde, die sich auf einen eventuellen Betrug oder eine eventuelle Verletzung des Berufsgeheimnisses bezieht, muss schriftlich verfasst werden. Hierzu sollte eine kurze Zusammenfassung des Inhalts der Beschwerde angegeben werden. Wichtig ist auch, dass der Name und die Kontaktdaten des Beschwerdef\u00fchrers aufgef\u00fchrt sind.<\/p><\/div>[\/vc_column_inner][vc_column_inner width=&#8220;1\/2&#8243; css=&#8220;.vc_custom_1687434130545{padding-top: 20px !important;padding-right: 20px !important;padding-bottom: 20px !important;padding-left: 20px !important;background-color: #eaeff5 !important;border-radius: 5px !important;}&#8220; el_class=&#8220;text-center&#8220;]<style>.ld_icon_box_6a084d960b793 .iconbox-icon-container > svg path:not([fill=none]){fill:#182734;}.ld_icon_box_6a084d960b793 .iconbox-icon-container > svg rect:not([fill=none]){fill:#182734;}.ld_icon_box_6a084d960b793 .iconbox-icon-container > svg ellipse:not([fill=none]){fill:#182734;}.ld_icon_box_6a084d960b793 .iconbox-icon-container > svg circle:not([fill=none]){fill:#182734;}.ld_icon_box_6a084d960b793 .iconbox-icon-container > svg polygon:not([fill=none]){fill:#182734;}.ld_icon_box_6a084d960b793 .iconbox-icon-container > svg polyline:not([fill=none]){fill:#182734;}.ld_icon_box_6a084d960b793 .lqd-iconbox-title{margin-bottom:px;}.ld_icon_box_6a084d960b793 .iconbox-icon-container{border-radius:px;}.ld_icon_box_6a084d960b793 .iconbox-icon-container img,.ld_icon_box_6a084d960b793 .iconbox-icon-container > svg{width:70px !important;}<\/style>\n<div class=\"iconbox text-align-default iconbox-xl ld_icon_box_6a084d960b793 vc_custom_1687433957901\" id=\"ld_icon_box_6a084d960b793\"   >\n\t\n\t\t\t\t\t\n\t\n\t<div class=\"iconbox-icon-wrap\"><span class=\"iconbox-icon-container\"><svg xmlns=\"http:\/\/www.w3.org\/2000\/svg\" width=\"24\" height=\"24\" viewBox=\"0 0 24 24\">\n  <path d=\"M5.7898124,15.0400458 C5.92222516,15.0022135 6.06437918,15.0206689 6.18274191,15.0910584 C7.17821446,15.6830589 8.31529906,16 9.5,16 C13.0898509,16 16,13.0898509 16,9.5 C16,5.91014913 13.0898509,3 9.5,3 C5.91014913,3 3,5.91014913 3,9.5 C3,10.6847009 3.31694108,11.8217855 3.90894164,12.8172581 C3.97933113,12.9356208 3.99778647,13.0777748 3.95995425,13.2101876 L3.22801099,15.771989 L5.7898124,15.0400458 Z M16.6787004,7.32146597 C19.8088582,8.2695726 22,11.1682874 22,14.5 C22,15.791292 21.6727837,17.0357461 21.0596438,18.1387259 L21.980762,21.3626394 C22.0885265,21.7398154 21.7398154,22.0885265 21.3626394,21.980762 L18.1387259,21.0596438 C17.0357461,21.6727837 15.791292,22 14.5,22 C11.1714936,22 8.27116719,19.8126453 7.32145812,16.6786102 C6.81438749,16.5249459 6.32531045,16.3175988 5.86127413,16.0596438 L2.63736056,16.980762 C2.26018462,17.0885265 1.91147347,16.7398154 2.01923803,16.3626394 L2.94035619,13.1387259 C2.32721633,12.0357461 2,10.791292 2,9.5 C2,5.35786438 5.35786438,2 9.5,2 C12.8844665,2 15.7453349,4.24179021 16.6787004,7.32146597 L16.6787004,7.32146597 Z M16.9296994,8.46886327 C16.9760497,8.80594809 17,9.1501771 17,9.5 C17,13.6421356 13.6421356,17 9.5,17 C9.15228938,17 8.8079749,16.9762741 8.46890428,16.9296286 C9.44418788,19.352582 11.8110214,21 14.5,21 C15.6847009,21 16.8217855,20.6830589 17.8172581,20.0910584 C17.9356208,20.0206689 18.0777748,20.0022135 18.2101876,20.0400458 L20.771989,20.771989 L20.0400458,18.2101876 C20.0022135,18.0777748 20.0206689,17.9356208 20.0910584,17.8172581 C20.6830589,16.8217855 21,15.6847009 21,14.5 C21,11.8086534 19.3499538,9.44299439 16.9296994,8.46886327 L16.9296994,8.46886327 Z\"\/>\n<\/svg>\n<\/span><\/div>\t\n\t\t\n\t\t\n\t\t\n\t\t\t\t\n\t\t\n\t\n<\/div>\n<style>.ld_fancy_heading_6a084d961fcf9 h3{color:#182734;}.ld_fancy_heading_6a084d961fcf9 h3 {font-size:20px; } .ld_fancy_heading_6a084d961fcf9 h3 {font-weight:900; } .ld_fancy_heading_6a084d961fcf9 h3 {margin-bottom:0.85em !important;  } .ld_fancy_heading_6a084d961fcf9 .lqd-highlight-inner{height:0.275em!important;bottom:0px!important;}.ld_fancy_heading_6a084d961fcf9 h3 {font-size:20px; } .ld_fancy_heading_6a084d961fcf9 h3 {font-weight:900; } .ld_fancy_heading_6a084d961fcf9 h3 {margin-bottom:0.85em !important;  } <\/style><div class=\"ld-fancy-heading mask-text text-center ld_fancy_heading_6a084d961fcf9\">\n\t<h3 class=\"ld-fh-element lqd-highlight-underline lqd-highlight-grow-left text-decoration-default lqd-split-lines\"   data-split-text=\"true\" data-split-options='{\"type\":\"lines\"}'>  <strong>Beschwerde einreichen<\/strong><\/h3><\/div><style>.ld_fancy_heading_6a084d962094f p{color:#182734;}.ld_fancy_heading_6a084d962094f p {font-size:14px; } .ld_fancy_heading_6a084d962094f p {line-height:1.55em; } .ld_fancy_heading_6a084d962094f p {--element-line-height:1.55em; } .ld_fancy_heading_6a084d962094f .lqd-highlight-inner{height:0.275em!important;bottom:0px!important;}.ld_fancy_heading_6a084d962094f p {font-size:14px; } .ld_fancy_heading_6a084d962094f p {line-height:1.55em; } .ld_fancy_heading_6a084d962094f p {--element-line-height:1.55em; } <\/style><div class=\"ld-fancy-heading mask-text text-center marschfahrt-global-pHeight ld_fancy_heading_6a084d962094f\">\n\t<p class=\"ld-fh-element lqd-highlight-underline lqd-highlight-grow-left text-decoration-default lqd-split-lines\"   data-split-text=\"true\" data-split-options='{\"type\":\"lines\"}'>  Gen\u00e8ve Invest (Europe) S.A.<br \/>\nCompliance<br \/>\n10, rue Michel Rodange<br \/>\nL-2430 Luxembourg<br \/>\nTel: (+352) 278 603 29<\/p><\/div><style>.ld_button_6a084d96212d9.btn-icon-solid .btn-icon{background:#182734;}.ld_button_6a084d96212d9.btn-icon-circle.btn-icon-ripple .btn-icon:before{border-color:#182734;}.ld_button_6a084d96212d9 .btn-icon{color:#182734;}.ld_button_6a084d96212d9{color:#182734;}.ld_button_6a084d96212d9:hover{color:#182734;}<\/style><a href=\"mailto:complaints@geneveinvest.com\" class=\"btn btn-naked btn-hover-txt-liquid-x-alt btn-hover-swp btn-has-label popmake-255 ld_button_6a084d96212d9\" >\n\t<span>\n\t\n\t\t\t\t\t<span class=\"btn-txt\" data-text=\"Beschwerde einreichen\" data-split-text=\"true\"\n\t\t\t\t\t    data-split-options='{\"type\": \"chars, words\"}'>Beschwerde einreichen<\/span>\n\t\t\n\t<span class=\"btn-icon\"><i class=\"lqd-icn-ess icon-md-arrow-forward\"><\/i><\/span>\t<span class=\"btn-icon\"><i class=\"lqd-icn-ess icon-md-arrow-forward\"><\/i><\/span>\t\t\t<\/span>\n<\/a>\n[\/vc_column_inner][\/vc_row_inner][\/vc_column][\/vc_row][vc_row css=&#8220;.vc_custom_1687434137233{margin-top: 5% !important;}&#8220;][vc_column][vc_row_inner content_placement=&#8220;middle&#8220;][vc_column_inner width=&#8220;1\/2&#8243; css=&#8220;.vc_custom_1687434130545{padding-top: 20px !important;padding-right: 20px !important;padding-bottom: 20px !important;padding-left: 20px !important;background-color: #eaeff5 !important;border-radius: 5px !important;}&#8220; el_class=&#8220;text-center&#8220;]<style>.ld_icon_box_6a084d9621d78 .iconbox-icon-container > svg path:not([fill=none]){fill:#182734;}.ld_icon_box_6a084d9621d78 .iconbox-icon-container > svg rect:not([fill=none]){fill:#182734;}.ld_icon_box_6a084d9621d78 .iconbox-icon-container > svg ellipse:not([fill=none]){fill:#182734;}.ld_icon_box_6a084d9621d78 .iconbox-icon-container > svg circle:not([fill=none]){fill:#182734;}.ld_icon_box_6a084d9621d78 .iconbox-icon-container > svg polygon:not([fill=none]){fill:#182734;}.ld_icon_box_6a084d9621d78 .iconbox-icon-container > svg polyline:not([fill=none]){fill:#182734;}.ld_icon_box_6a084d9621d78 .lqd-iconbox-title{margin-bottom:px;}.ld_icon_box_6a084d9621d78 .iconbox-icon-container{border-radius:px;}.ld_icon_box_6a084d9621d78 .iconbox-icon-container img,.ld_icon_box_6a084d9621d78 .iconbox-icon-container > svg{width:70px !important;}<\/style>\n<div class=\"iconbox text-align-default iconbox-xl ld_icon_box_6a084d9621d78 vc_custom_1687433957901\" id=\"ld_icon_box_6a084d9621d78\"   >\n\t\n\t\t\t\t\t\n\t\n\t<div class=\"iconbox-icon-wrap\"><span class=\"iconbox-icon-container\"><svg xmlns=\"http:\/\/www.w3.org\/2000\/svg\" width=\"24\" height=\"24\" viewBox=\"0 0 24 24\">\n  <path d=\"M5.7898124,15.0400458 C5.92222516,15.0022135 6.06437918,15.0206689 6.18274191,15.0910584 C7.17821446,15.6830589 8.31529906,16 9.5,16 C13.0898509,16 16,13.0898509 16,9.5 C16,5.91014913 13.0898509,3 9.5,3 C5.91014913,3 3,5.91014913 3,9.5 C3,10.6847009 3.31694108,11.8217855 3.90894164,12.8172581 C3.97933113,12.9356208 3.99778647,13.0777748 3.95995425,13.2101876 L3.22801099,15.771989 L5.7898124,15.0400458 Z M16.6787004,7.32146597 C19.8088582,8.2695726 22,11.1682874 22,14.5 C22,15.791292 21.6727837,17.0357461 21.0596438,18.1387259 L21.980762,21.3626394 C22.0885265,21.7398154 21.7398154,22.0885265 21.3626394,21.980762 L18.1387259,21.0596438 C17.0357461,21.6727837 15.791292,22 14.5,22 C11.1714936,22 8.27116719,19.8126453 7.32145812,16.6786102 C6.81438749,16.5249459 6.32531045,16.3175988 5.86127413,16.0596438 L2.63736056,16.980762 C2.26018462,17.0885265 1.91147347,16.7398154 2.01923803,16.3626394 L2.94035619,13.1387259 C2.32721633,12.0357461 2,10.791292 2,9.5 C2,5.35786438 5.35786438,2 9.5,2 C12.8844665,2 15.7453349,4.24179021 16.6787004,7.32146597 L16.6787004,7.32146597 Z M16.9296994,8.46886327 C16.9760497,8.80594809 17,9.1501771 17,9.5 C17,13.6421356 13.6421356,17 9.5,17 C9.15228938,17 8.8079749,16.9762741 8.46890428,16.9296286 C9.44418788,19.352582 11.8110214,21 14.5,21 C15.6847009,21 16.8217855,20.6830589 17.8172581,20.0910584 C17.9356208,20.0206689 18.0777748,20.0022135 18.2101876,20.0400458 L20.771989,20.771989 L20.0400458,18.2101876 C20.0022135,18.0777748 20.0206689,17.9356208 20.0910584,17.8172581 C20.6830589,16.8217855 21,15.6847009 21,14.5 C21,11.8086534 19.3499538,9.44299439 16.9296994,8.46886327 L16.9296994,8.46886327 Z\"\/>\n<\/svg>\n<\/span><\/div>\t\n\t\t\n\t\t\n\t\t\n\t\t\t\t\n\t\t\n\t\n<\/div>\n<style>.ld_fancy_heading_6a084d96280c3 h3{color:#182734;}.ld_fancy_heading_6a084d96280c3 h3 {font-size:20px; } .ld_fancy_heading_6a084d96280c3 h3 {font-weight:900; } .ld_fancy_heading_6a084d96280c3 .lqd-highlight-inner{height:0.275em!important;bottom:0px!important;}.ld_fancy_heading_6a084d96280c3 h3 {font-size:20px; } .ld_fancy_heading_6a084d96280c3 h3 {font-weight:900; } <\/style><div class=\"ld-fancy-heading mask-text text-center ld_fancy_heading_6a084d96280c3\">\n\t<h3 class=\"ld-fh-element lqd-highlight-underline lqd-highlight-grow-left text-decoration-default lqd-split-lines\"   data-split-text=\"true\" data-split-options='{\"type\":\"lines\"}'>  <strong>Commission de Surveillance du Secteur Financier<\/strong><\/h3><\/div><style>.ld_fancy_heading_6a084d9628b3f p{color:#182734;}.ld_fancy_heading_6a084d9628b3f p {font-size:14px; } .ld_fancy_heading_6a084d9628b3f p {line-height:1.55em; } .ld_fancy_heading_6a084d9628b3f p {--element-line-height:1.55em; } .ld_fancy_heading_6a084d9628b3f .lqd-highlight-inner{height:0.275em!important;bottom:0px!important;}.ld_fancy_heading_6a084d9628b3f p {font-size:14px; } .ld_fancy_heading_6a084d9628b3f p {line-height:1.55em; } .ld_fancy_heading_6a084d9628b3f p {--element-line-height:1.55em; } <\/style><div class=\"ld-fancy-heading mask-text text-center marschfahrt-global-pHeight ld_fancy_heading_6a084d9628b3f\">\n\t<p class=\"ld-fh-element lqd-highlight-underline lqd-highlight-grow-left text-decoration-default lqd-split-lines\"   data-split-text=\"true\" data-split-options='{\"type\":\"lines\"}'>  D\u00e9partement juridique CC 283, route d\u2019Arlon, L-2991 Luxembourg<br \/>\nTel: (+352) 26 25 1 \u2013 2904<br \/>\nFax: (+352) 26 25 1 \u2013 2601<\/p><\/div><style>.ld_button_6a084d962954a.btn-icon-solid .btn-icon{background:#182734;}.ld_button_6a084d962954a.btn-icon-circle.btn-icon-ripple .btn-icon:before{border-color:#182734;}.ld_button_6a084d962954a .btn-icon{color:#182734;}.ld_button_6a084d962954a{color:#182734;}.ld_button_6a084d962954a:hover{color:#182734;}<\/style><a href=\"mailto:reclamation@cssf.lu\" class=\"btn btn-naked btn-hover-txt-liquid-x-alt btn-hover-swp btn-has-label popmake-255 ld_button_6a084d962954a\" >\n\t<span>\n\t\n\t\t\t\t\t<span class=\"btn-txt\" data-text=\"Reklamation einreichen\" data-split-text=\"true\"\n\t\t\t\t\t    data-split-options='{\"type\": \"chars, words\"}'>Reklamation einreichen<\/span>\n\t\t\n\t<span class=\"btn-icon\"><i class=\"lqd-icn-ess icon-md-arrow-forward\"><\/i><\/span>\t<span class=\"btn-icon\"><i class=\"lqd-icn-ess icon-md-arrow-forward\"><\/i><\/span>\t\t\t<\/span>\n<\/a>\n[\/vc_column_inner][vc_column_inner width=&#8220;1\/2&#8243; css=&#8220;.vc_custom_1764234953337{margin-top: 2.5% !important;}&#8220;]<style>.ld_fancy_heading_6a084d9629ebf .lqd-highlight-inner{height:0.275em!important;bottom:0px!important;}<\/style><div class=\"ld-fancy-heading text-left ld_fancy_heading_6a084d9629ebf\">\n\t<h3 class=\"ld-fh-element lqd-highlight-underline lqd-highlight-grow-left text-decoration-default\"   >  Die Bearbeitung von Beschwerden<\/h3><\/div><style>.ld_fancy_heading_6a084d962a6cc p {font-size:16px; } .ld_fancy_heading_6a084d962a6cc .lqd-highlight-inner{height:0.275em!important;bottom:0px!important;}.ld_fancy_heading_6a084d962a6cc p {font-size:16px; } <\/style><div class=\"ld-fancy-heading text-left ld_fancy_heading_6a084d962a6cc\">\n\t<p class=\"ld-fh-element lqd-highlight-underline lqd-highlight-grow-left text-decoration-default\"   >  Sobald eine Beschwerde bei Gen\u00e8ve Invest (Europe) eingeht, wird der Erhalt schriftlich best\u00e4tigt. Die Beschwerde wird unverz\u00fcglich an die zust\u00e4ndige Abteilung weitergeleitet und innerhalb von 20 Arbeitstagen beantwortet werden. Diese Antwort wird den Namen und die Kontaktdaten des zust\u00e4ndigen Mitarbeiters enthalten.<\/p><\/div>[\/vc_column_inner][\/vc_row_inner][\/vc_column][\/vc_row][vc_row css=&#8220;.vc_custom_1687434527057{margin-top: 3% !important;margin-bottom: 5% !important;}&#8220;][vc_column][vc_row_inner][vc_column_inner]<style>.ld_fancy_heading_6a084d962af2d .lqd-highlight-inner{height:0.275em!important;bottom:0px!important;}<\/style><div class=\"ld-fancy-heading text-left ld_fancy_heading_6a084d962af2d\">\n\t<p class=\"ld-fh-element lqd-highlight-underline lqd-highlight-grow-left text-decoration-default\"   >  <\/p>\n<p class=\"p1\">Sollte keine zufriedenstellende Antwort erteilt werden, dann kann erneut eine Beschwerde an den Gesch\u00e4ftsf\u00fchrer Herrn Thomas Freiberg verschickt werden, der f\u00fcr s\u00e4mtliche Beschwerden zust\u00e4ndig ist. Die E-Mail-Adresse lautet: thomas.freiberg@geneveinvest.com.<\/p>\n<p>Sofern die Bearbeitung der Beschwerde keine zufriedenstellende Antwort geliefert hat, kann gem\u00e4\u00df den Bestimmungen der Verordnung CSSF 16-07 \u2013 innerhalb eines Jahres ab Einreichung der Beschwerde, das Verfahren zur au\u00dfergerichtlichen L\u00f6sung von Beschwerden in Anspruch genommen werden. Hierzu kann die Luxemburgische Aufsichtsbeh\u00f6rde, wie oben beschrieben, kontaktiert werden.<\/p><\/div>[\/vc_column_inner][\/vc_row_inner][\/vc_column][\/vc_row]<\/p>\n","protected":false},"excerpt":{"rendered":"<p>[vc_row css=&#8220;.vc_custom_1687434137233{margin-top: 5% !important;}&#8220;][vc_column][vc_row_inner content_placement=&#8220;middle&#8220;][vc_column_inner width=&#8220;1\/2&#8243;][\/vc_column_inner][vc_column_inner width=&#8220;1\/2&#8243; css=&#8220;.vc_custom_1687434130545{padding-top: 20px !important;padding-right: 20px !important;padding-bottom: 20px !important;padding-left: 20px !important;background-color: #eaeff5 !important;border-radius: 5px !important;}&#8220; el_class=&#8220;text-center&#8220;][\/vc_column_inner][\/vc_row_inner][\/vc_column][\/vc_row][vc_row css=&#8220;.vc_custom_1687434137233{margin-top: 5% !important;}&#8220;][vc_column][vc_row_inner content_placement=&#8220;middle&#8220;][vc_column_inner width=&#8220;1\/2&#8243; css=&#8220;.vc_custom_1687434130545{padding-top: 20px !important;padding-right: 20px !important;padding-bottom: 20px !important;padding-left: 20px !important;background-color: #eaeff5 !important;border-radius: 5px !important;}&#8220; el_class=&#8220;text-center&#8220;][\/vc_column_inner][vc_column_inner width=&#8220;1\/2&#8243; css=&#8220;.vc_custom_1764234953337{margin-top: 2.5% !important;}&#8220;][\/vc_column_inner][\/vc_row_inner][\/vc_column][\/vc_row][vc_row css=&#8220;.vc_custom_1687434527057{margin-top: 3% !important;margin-bottom: 5% !important;}&#8220;][vc_column][vc_row_inner][vc_column_inner][\/vc_column_inner][\/vc_row_inner][\/vc_column][\/vc_row]<\/p>\n","protected":false},"author":1,"featured_media":0,"parent":0,"menu_order":0,"comment_status":"closed","ping_status":"closed","template":"","meta":{"_seopress_robots_primary_cat":"","_seopress_titles_title":"Die bearbeitung von Beschwerden - Gen\u00e8ve Invest","_seopress_titles_desc":"Beschwerden k\u00f6nnen per Post, E-Mail oder Telefon an den Compliance-Bereich von Gen\u00e8ve Invest (Europe) eingereicht werden.","_seopress_robots_index":"","footnotes":""},"class_list":["post-599","page","type-page","status-publish"],"_links":{"self":[{"href":"https:\/\/www.geneveinvest.com\/de\/wp-json\/wp\/v2\/pages\/599","targetHints":{"allow":["GET"]}}],"collection":[{"href":"https:\/\/www.geneveinvest.com\/de\/wp-json\/wp\/v2\/pages"}],"about":[{"href":"https:\/\/www.geneveinvest.com\/de\/wp-json\/wp\/v2\/types\/page"}],"author":[{"embeddable":true,"href":"https:\/\/www.geneveinvest.com\/de\/wp-json\/wp\/v2\/users\/1"}],"replies":[{"embeddable":true,"href":"https:\/\/www.geneveinvest.com\/de\/wp-json\/wp\/v2\/comments?post=599"}],"version-history":[{"count":0,"href":"https:\/\/www.geneveinvest.com\/de\/wp-json\/wp\/v2\/pages\/599\/revisions"}],"wp:attachment":[{"href":"https:\/\/www.geneveinvest.com\/de\/wp-json\/wp\/v2\/media?parent=599"}],"curies":[{"name":"wp","href":"https:\/\/api.w.org\/{rel}","templated":true}]}}